{"id":21,"date":"2024-08-08T20:17:14","date_gmt":"2024-08-08T20:17:14","guid":{"rendered":"https:\/\/regatto.de\/?page_id=21"},"modified":"2025-05-04T17:08:30","modified_gmt":"2025-05-04T17:08:30","slug":"start","status":"publish","type":"page","link":"https:\/\/regatto.de\/","title":{"rendered":"Start"},"content":{"rendered":"<p>[et_pb_section fb_built=&#8220;1&#8243; disabled_on=&#8220;on|on|off&#8220; _builder_version=&#8220;4.27.3&#8243; _module_preset=&#8220;default&#8220; background_enable_color=&#8220;off&#8220; use_background_color_gradient=&#8220;on&#8220; background_color_gradient_stops=&#8220;rgba(51,255,255,0.42) 0%|rgba(51,255,255,0.44) 100%&#8220; background_color_gradient_overlays_image=&#8220;on&#8220; background_image=&#8220;https:\/\/regatto.de\/wp-content\/uploads\/2024\/08\/sebastiano-piazzi-Z4I3VPk58Xc-unsplash.jpg&#8220; background_size=&#8220;custom&#8220; background_image_height=&#8220;180%&#8220; background_position=&#8220;center_right&#8220; background_horizontal_offset=&#8220;0%&#8220; background_enable_mask_style=&#8220;on&#8220; background_mask_style=&#8220;caret&#8220; background_mask_color=&#8220;#003333&#8243; background_mask_transform=&#8220;invert|flip_horizontal&#8220; background_mask_aspect_ratio=&#8220;square&#8220; background_mask_size=&#8220;cover&#8220; custom_padding=&#8220;4em||4em||true|false&#8220; background_last_edited=&#8220;on|phone&#8220; background_size_tablet=&#8220;cover&#8220; background_position_tablet=&#8220;center&#8220; global_colors_info=&#8220;{}&#8220;][et_pb_row column_structure=&#8220;1_2,1_2&#8243; _builder_version=&#8220;4.27.0&#8243; _module_preset=&#8220;default&#8220; width=&#8220;90%&#8220; max_width=&#8220;1500px&#8220; global_colors_info=&#8220;{}&#8220;][et_pb_column type=&#8220;1_2&#8243; _builder_version=&#8220;4.27.0&#8243; _module_preset=&#8220;default&#8220; global_colors_info=&#8220;{}&#8220;][et_pb_text _builder_version=&#8220;4.27.3&#8243; _module_preset=&#8220;default&#8220; text_text_color=&#8220;#FFFFFF&#8220; header_font=&#8220;|||on|||||&#8220; header_text_color=&#8220;#CCFFFF&#8220; header_font_size=&#8220;2vw&#8220; header_2_font=&#8220;daggersquare|||on|||||&#8220; header_2_text_color=&#8220;#FFFFFF&#8220; header_3_font=&#8220;&#8211;et_global_body_font||||||||&#8220; header_3_text_color=&#8220;#FFFFFF&#8220; custom_margin=&#8220;||1.5em||false|false&#8220; custom_padding=&#8220;||||false|false&#8220; header_font_size_tablet=&#8220;55px&#8220; header_font_size_phone=&#8220;40px&#8220; header_font_size_last_edited=&#8220;on|phone&#8220; global_colors_info=&#8220;{}&#8220;]<\/p>\n<h3>Mehr Zeit f\u00fcrs Wasser \u2013 weniger Stress bei der Organisation.<\/h3>\n<h1>Planen. Verwalten. Durchstarten \u2013 Regatten neu gedacht<\/h1>\n<p>Regatto ist die moderne, digitale L\u00f6sung f\u00fcr die Verwaltung und Organisation von Regatten. Unsere benutzerfreundliche Regattasoftware unterst\u00fctzt Sie bei der Planung, Teilnehmerverwaltung, Zeitnahme und Ergebnisdarstellung \u2013 alles zentral und effizient. Ob kleiner Vereinswettkampf oder gro\u00dfe Meisterschaft: Mit Regatto bringen Sie Struktur in Ihre Regatta und haben mehr Zeit f\u00fcr das Wesentliche.<\/p>\n<p><strong>Jetzt mit der leistungsstarken Regattaverwaltung durchstarten.<\/strong><\/p>\n<p>[\/et_pb_text][et_pb_button button_url=&#8220;https:\/\/regatto.de\/#vorteile&#8220; button_text=&#8220;Alle Vorteile entdecken&#8220; _builder_version=&#8220;4.27.3&#8243; _module_preset=&#8220;default&#8220; custom_button=&#8220;on&#8220; button_text_color=&#8220;#003333&#8243; button_bg_color=&#8220;#FFFFFF&#8220; custom_margin=&#8220;||||false|false&#8220; global_colors_info=&#8220;{}&#8220;][\/et_pb_button][\/et_pb_column][et_pb_column type=&#8220;1_2&#8243; _builder_version=&#8220;4.27.0&#8243; _module_preset=&#8220;default&#8220; global_colors_info=&#8220;{}&#8220;][\/et_pb_column][\/et_pb_row][\/et_pb_section][et_pb_section fb_built=&#8220;1&#8243; custom_padding_last_edited=&#8220;on|phone&#8220; disabled_on=&#8220;off|off|on&#8220; _builder_version=&#8220;4.27.0&#8243; _module_preset=&#8220;default&#8220; background_color=&#8220;#003333&#8243; background_enable_image=&#8220;off&#8220; background_size=&#8220;contain&#8220; background_position=&#8220;center_right&#8220; custom_margin=&#8220;0px||0px||false|false&#8220; custom_margin_tablet=&#8220;0px||0px||false|false&#8220; custom_margin_phone=&#8220;||0px||false|false&#8220; custom_margin_last_edited=&#8220;on|phone&#8220; custom_padding=&#8220;6em||6em||false|false&#8220; custom_padding_tablet=&#8220;6em||2em||false|false&#8220; custom_padding_phone=&#8220;5em||1em||false|false&#8220; top_divider_height_tablet=&#8220;&#8220; top_divider_height_phone=&#8220;39px&#8220; top_divider_height_last_edited=&#8220;on|phone&#8220; bottom_divider_height_tablet=&#8220;&#8220; bottom_divider_height_phone=&#8220;42px&#8220; bottom_divider_height_last_edited=&#8220;on|phone&#8220; background_last_edited=&#8220;on|phone&#8220; background_size_tablet=&#8220;cover&#8220; background_position_tablet=&#8220;center&#8220; global_colors_info=&#8220;{}&#8220;][et_pb_row _builder_version=&#8220;4.27.0&#8243; _module_preset=&#8220;default&#8220; custom_margin=&#8220;||0px||false|false&#8220; custom_margin_tablet=&#8220;||0px||false|false&#8220; custom_margin_phone=&#8220;||0px||false|false&#8220; custom_margin_last_edited=&#8220;on|phone&#8220; custom_padding=&#8220;||||false|false&#8220; global_colors_info=&#8220;{}&#8220;][et_pb_column type=&#8220;4_4&#8243; _builder_version=&#8220;4.27.0&#8243; _module_preset=&#8220;default&#8220; global_colors_info=&#8220;{}&#8220;][et_pb_text _builder_version=&#8220;4.27.3&#8243; _module_preset=&#8220;default&#8220; text_text_color=&#8220;#FFFFFF&#8220; header_font=&#8220;|||on|||||&#8220; header_text_color=&#8220;#CCFFFF&#8220; header_font_size=&#8220;55px&#8220; header_2_font=&#8220;daggersquare|||on|||||&#8220; header_2_text_color=&#8220;#FFFFFF&#8220; header_3_font=&#8220;&#8211;et_global_body_font|||on|||||&#8220; header_3_text_color=&#8220;#FFFFFF&#8220; custom_margin=&#8220;||1.5em||false|false&#8220; custom_padding=&#8220;||||false|false&#8220; header_font_size_tablet=&#8220;55px&#8220; header_font_size_phone=&#8220;35px&#8220; header_font_size_last_edited=&#8220;on|phone&#8220; global_colors_info=&#8220;{}&#8220;]<\/p>\n<h3>Mehr Zeit f\u00fcrs Wasser \u2013 weniger Stress bei der Organisation.<\/h3>\n<h1>Planen. Verwalten. Durchstarten \u2013 Regatten neu gedacht<\/h1>\n<p>Regatto ist die moderne, digitale L\u00f6sung f\u00fcr die Verwaltung und Organisation von Regatten. Unsere benutzerfreundliche Regattasoftware unterst\u00fctzt Sie bei der Planung, Teilnehmerverwaltung, Zeitnahme und Ergebnisdarstellung \u2013 alles zentral und effizient. Ob kleiner Vereinswettkampf oder gro\u00dfe Meisterschaft: Mit Regatto bringen Sie Struktur in Ihre Regatta und haben mehr Zeit f\u00fcr das Wesentliche.<\/p>\n<p><strong>Jetzt mit der leistungsstarken Regattaverwaltung durchstarten.<\/strong><\/p>\n<p>[\/et_pb_text][et_pb_button button_url=&#8220;https:\/\/regatto.de\/#vorteile&#8220; button_text=&#8220;Alle Vorteile entdecken&#8220; _builder_version=&#8220;4.27.3&#8243; _module_preset=&#8220;default&#8220; custom_button=&#8220;on&#8220; button_text_color=&#8220;#003333&#8243; button_bg_color=&#8220;#FFFFFF&#8220; custom_margin=&#8220;||||false|false&#8220; global_colors_info=&#8220;{}&#8220;][\/et_pb_button][\/et_pb_column][\/et_pb_row][\/et_pb_section][et_pb_section fb_built=&#8220;1&#8243; custom_padding_last_edited=&#8220;on|desktop&#8220; prev_background_color=&#8220;#003333&#8243; disabled_on=&#8220;off|off|on&#8220; _builder_version=&#8220;4.27.0&#8243; _module_preset=&#8220;default&#8220; background_enable_color=&#8220;off&#8220; use_background_color_gradient=&#8220;on&#8220; background_color_gradient_stops=&#8220;rgba(51,255,255,0.42) 0%|rgba(51,255,255,0.44) 100%&#8220; background_color_gradient_overlays_image=&#8220;on&#8220; background_image=&#8220;https:\/\/regatto.de\/wp-content\/uploads\/2024\/08\/sebastiano-piazzi-Z4I3VPk58Xc-unsplash.jpg&#8220; background_position=&#8220;center_right&#8220; custom_padding=&#8220;6em||6em||true|false&#8220; custom_padding_tablet=&#8220;20vw||20vw||true|false&#8220; custom_padding_phone=&#8220;20vw||20vw||true|false&#8220; top_divider_style=&#8220;arrow&#8220; top_divider_arrangement=&#8220;below_content&#8220; top_divider_height_tablet=&#8220;&#8220; top_divider_height_phone=&#8220;60px&#8220; top_divider_height_last_edited=&#8220;on|phone&#8220; background_last_edited=&#8220;on|phone&#8220; background_size_tablet=&#8220;cover&#8220; background_position_tablet=&#8220;center&#8220; global_colors_info=&#8220;{}&#8220;][\/et_pb_section][et_pb_section fb_built=&#8220;1&#8243; _builder_version=&#8220;4.27.0&#8243; _module_preset=&#8220;default&#8220; global_colors_info=&#8220;{}&#8220;][et_pb_row column_structure=&#8220;1_2,1_2&#8243; _builder_version=&#8220;4.27.0&#8243; _module_preset=&#8220;default&#8220; global_colors_info=&#8220;{}&#8220;][et_pb_column type=&#8220;1_2&#8243; _builder_version=&#8220;4.27.0&#8243; _module_preset=&#8220;default&#8220; global_colors_info=&#8220;{}&#8220;][et_pb_text _builder_version=&#8220;4.27.0&#8243; _module_preset=&#8220;default&#8220; text_font=&#8220;Bai Jamjuree||||||||&#8220; global_colors_info=&#8220;{}&#8220;]<\/p>\n<h2>Als aus einer Idee Realit\u00e4t wurde&#8230;<\/h2>\n<p>Im Herbst 2023 entstand Regatto aus dem Wunsch, die Welt der Regatten-Organisation zu revolutionieren. Nicht nur zuverl\u00e4ssiger und einfacher, sondern auch sch\u00f6ner sollte es sein. Tim Schatz, selbst begeisterter Kanute beim Markranst\u00e4dter Kanu- und Freizeitclub (KFC) und Informatiker, machte sich daran gemeinsam mit dem KFC eine Anwendung zu entwickeln, die all diese Anforderungen unter einen Hut bringt. Nach vielen Testl\u00e4ufen und Abstimmungen geht Regatto bei der Markranst\u00e4dter Kanuregatta 2024 das erste Mal an den Start und l\u00e4sst mit vielen neuen Features Gro\u00dfes erwarten.<\/p>\n<p>[\/et_pb_text][\/et_pb_column][et_pb_column type=&#8220;1_2&#8243; _builder_version=&#8220;4.27.0&#8243; _module_preset=&#8220;default&#8220; global_colors_info=&#8220;{}&#8220;][et_pb_image src=&#8220;https:\/\/regatto.de\/wp-content\/uploads\/2024\/08\/rowing-8135184_1920.jpg&#8220; title_text=&#8220;rowing-8135184_1920&#8243; _builder_version=&#8220;4.27.0&#8243; _module_preset=&#8220;default&#8220; global_colors_info=&#8220;{}&#8220;][\/et_pb_image][\/et_pb_column][\/et_pb_row][\/et_pb_section][et_pb_section fb_built=&#8220;1&#8243; module_id=&#8220;vorteile&#8220; _builder_version=&#8220;4.27.3&#8243; _module_preset=&#8220;default&#8220; background_color=&#8220;#003333&#8243; global_colors_info=&#8220;{}&#8220;][et_pb_row _builder_version=&#8220;4.27.0&#8243; _module_preset=&#8220;default&#8220; global_colors_info=&#8220;{}&#8220;][et_pb_column type=&#8220;4_4&#8243; _builder_version=&#8220;4.27.0&#8243; _module_preset=&#8220;default&#8220; global_colors_info=&#8220;{}&#8220;][et_pb_text _builder_version=&#8220;4.27.3&#8243; _module_preset=&#8220;default&#8220; header_2_font=&#8220;|||on|||||&#8220; header_2_text_align=&#8220;center&#8220; header_2_text_color=&#8220;#FFFFFF&#8220; header_2_font_size=&#8220;35px&#8220; hover_enabled=&#8220;0&#8243; header_2_font_size_tablet=&#8220;35px&#8220; header_2_font_size_phone=&#8220;35px&#8220; header_2_font_size_last_edited=&#8220;on|desktop&#8220; global_colors_info=&#8220;{}&#8220; sticky_enabled=&#8220;0&#8243;]<\/p>\n<h2>Die Regatto-Vorteile<\/h2>\n<p>[\/et_pb_text][et_pb_text _builder_version=&#8220;4.27.3&#8243; _module_preset=&#8220;default&#8220; text_text_color=&#8220;#FFFFFF&#8220; max_width=&#8220;70%&#8220; max_width_tablet=&#8220;70%&#8220; max_width_phone=&#8220;100%&#8220; max_width_last_edited=&#8220;on|desktop&#8220; module_alignment=&#8220;center&#8220; hover_enabled=&#8220;0&#8243; global_colors_info=&#8220;{}&#8220; sticky_enabled=&#8220;0&#8243;]<\/p>\n<p>Mit Regatto werden Regatten einfacher, schneller und professioneller. Unser leistungsstarkes Regattatool bietet alle Funktionen, die f\u00fcr eine reibungslose Wettkampforganisation gebraucht werden \u2013 von der Anmeldung bis zur Siegerehrung. <strong>Entdecken Sie jetzt die wichtigsten Vorteile unserer Regattasoftware f\u00fcr Vereine und Veranstalter.<\/strong><\/p>\n<p><strong><\/strong><\/p>\n<ul>\n<li><strong>Plattformunabh\u00e4ngig und direkt startklar<br \/><\/strong>Egal welches Betriebssystem, ein Browser Ihrer Wahl reicht, um Durchzustarten.<\/li>\n<li><strong>Ansprechendes und nutzerfreundliches Design<br \/><\/strong>\u00dcbersichtlich, selbsterkl\u00e4rend und angenehm zu bedienen \u2013 mit Regatto findest du dich sofort zurecht, auch ohne IT-Vorkenntnisse.<\/li>\n<li><strong data-start=\"330\" data-end=\"363\">Zentrale Teilnehmerverwaltung: Alles an einem Ort<\/strong><br data-start=\"363\" data-end=\"366\" \/>Alle Anmeldungen, Teams, Altersklassen und Startnummern \u00fcbersichtlich an einem Ort \u2013 keine Excel-Listen mehr.<\/li>\n<li><strong data-start=\"762\" data-end=\"800\">Live-Ergebnisse &amp; Online-Anmeldung<\/strong><br data-start=\"800\" data-end=\"803\" \/>Teilnehmer und Zuschauer sehen Ergebnisse direkt auf dem Smartphone oder am Monitor \u2013 modern und transparent. Alle Daten sind immer &amp; \u00fcberall in Echtzeit verf\u00fcgbar.<\/li>\n<li><strong data-start=\"916\" data-end=\"954\">Weniger Papierkram, mehr Effizienz<\/strong><br data-start=\"954\" data-end=\"957\" \/>Voll Digitale Startlisten, automatisierte Abl\u00e4ufe und direkte Exportm\u00f6glichkeiten sparen Zeit und Ressourcen, ganz ohne Drucken.<\/li>\n<li><strong data-start=\"1210\" data-end=\"1236\">Sicher &amp; DSGVO-konform<\/strong><br data-start=\"1236\" data-end=\"1239\" \/>Datenschutz ist uns wichtig \u2013 alle Daten werden sicher gespeichert und verarbeitet, damit alle Daten da bleiben, wo sie hingeh\u00f6ren.<\/li>\n<\/ul>\n<p>[\/et_pb_text][et_pb_text _builder_version=&#8220;4.27.3&#8243; _module_preset=&#8220;default&#8220; header_2_font=&#8220;|||on|||||&#8220; header_2_text_align=&#8220;center&#8220; header_2_text_color=&#8220;#FFFFFF&#8220; header_2_font_size=&#8220;35px&#8220; header_2_font_size_tablet=&#8220;35px&#8220; header_2_font_size_phone=&#8220;35px&#8220; header_2_font_size_last_edited=&#8220;on|desktop&#8220; global_colors_info=&#8220;{}&#8220;]<\/p>\n<h2>Die Regatto-Funktionen<\/h2>\n<p>[\/et_pb_text][\/et_pb_column][\/et_pb_row][et_pb_row column_structure=&#8220;1_2,1_2&#8243; _builder_version=&#8220;4.27.0&#8243; _module_preset=&#8220;default&#8220; global_colors_info=&#8220;{}&#8220;][et_pb_column type=&#8220;1_2&#8243; _builder_version=&#8220;4.27.0&#8243; _module_preset=&#8220;default&#8220; global_colors_info=&#8220;{}&#8220;][et_pb_text _builder_version=&#8220;4.27.3&#8243; _module_preset=&#8220;default&#8220; text_font=&#8220;Bai Jamjuree||||||||&#8220; text_text_color=&#8220;#FFFFFF&#8220; header_2_text_color=&#8220;#FFFFFF&#8220; global_colors_info=&#8220;{}&#8220;]<\/p>\n<h2>Vor der Regatta<\/h2>\n<ul>\n<li><strong>Online Anmeldung<\/strong><br \/>Alle Vereine melden ihre Sportler selbstst\u00e4ndig \u00fcber die Online-Anwendung an &#8211; jeder Sportler wird nur einmal angelegt. Meldungen sind parallel an mehreren Ger\u00e4ten m\u00f6glich.<\/li>\n<li><strong>Alles in Echtzeit<\/strong> \u2013 ganz ohne Emails f\u00fcr jede \u00c4nderung<\/li>\n<li><strong>Meldungen von zus\u00e4tzlichen Informationen<\/strong> jedes Vereins, wie Ansprechpersonen oder Anzahl der Mittagessen einfach m\u00f6glich<\/li>\n<li>Zeitplanerstellung mit <strong>Schutzzeitassistent<\/strong><\/li>\n<li>Nach der Meldung <strong>automatisch generierte \u00dcbersicht<\/strong> der Meldungen herunterladen zur Kontrolle<\/li>\n<\/ul>\n<p>[\/et_pb_text][\/et_pb_column][et_pb_column type=&#8220;1_2&#8243; _builder_version=&#8220;4.27.0&#8243; _module_preset=&#8220;default&#8220; global_colors_info=&#8220;{}&#8220;][et_pb_image src=&#8220;https:\/\/regatto.de\/wp-content\/uploads\/2025\/05\/Bildschirmfoto-2025-05-04-um-18.30.53.png&#8220; title_text=&#8220;Meldung Ansicht&#8220; _builder_version=&#8220;4.27.3&#8243; _module_preset=&#8220;default&#8220; global_colors_info=&#8220;{}&#8220;][\/et_pb_image][\/et_pb_column][\/et_pb_row][et_pb_row column_structure=&#8220;1_2,1_2&#8243; _builder_version=&#8220;4.27.3&#8243; _module_preset=&#8220;default&#8220; hover_enabled=&#8220;0&#8243; global_colors_info=&#8220;{}&#8220; disabled_on=&#8220;on|on|off&#8220; sticky_enabled=&#8220;0&#8243;][et_pb_column type=&#8220;1_2&#8243; _builder_version=&#8220;4.27.0&#8243; _module_preset=&#8220;default&#8220; global_colors_info=&#8220;{}&#8220;][et_pb_image src=&#8220;https:\/\/regatto.de\/wp-content\/uploads\/2025\/05\/Bildschirmfoto-2025-05-04-um-18.41.57.png&#8220; title_text=&#8220;Zeitplann-Assistent&#8220; _builder_version=&#8220;4.27.3&#8243; _module_preset=&#8220;default&#8220; global_colors_info=&#8220;{}&#8220;][\/et_pb_image][\/et_pb_column][et_pb_column type=&#8220;1_2&#8243; _builder_version=&#8220;4.27.0&#8243; _module_preset=&#8220;default&#8220; global_colors_info=&#8220;{}&#8220;][et_pb_text _builder_version=&#8220;4.27.3&#8243; _module_preset=&#8220;default&#8220; text_font=&#8220;Bai Jamjuree||||||||&#8220; text_text_color=&#8220;#FFFFFF&#8220; header_2_text_color=&#8220;#FFFFFF&#8220; global_colors_info=&#8220;{}&#8220;]<\/p>\n<h2>W\u00e4hrend der Regatta<\/h2>\n<ul>\n<li><strong>\u00c4nderungen<\/strong> sind <strong>auch nach Meldeschluss<\/strong> weiterhin m\u00f6glich und damit auch Verk\u00fcrzung der Obleute (Regattavorbesprechung der Vereine)<\/li>\n<li><strong>Live-Ergebnisdarstellung<\/strong><br \/>Ergebnisse werden automatisch berechnet und online ver\u00f6ffentlicht \u2013 auf Monitoren oder per Smartphone abrufbar.<\/li>\n<li><strong>Startlisten &amp; Renninfos in Echtzeit<\/strong><br \/>Live-Aktualisierung der Startlisten, L\u00e4ufe und Bahnverteilung \u2013 auch f\u00fcr Sprecher und Helfer vor Ort.<\/li>\n<li><strong>Automatische Berechnungen f\u00fcr die Kostenverwaltung<\/strong><br \/>Egal ob Startgeb\u00fcren oder Br\u00f6tchengeld.<\/li>\n<\/ul>\n<p>[\/et_pb_text][\/et_pb_column][\/et_pb_row][et_pb_row column_structure=&#8220;1_2,1_2&#8243; _builder_version=&#8220;4.27.3&#8243; _module_preset=&#8220;default&#8220; hover_enabled=&#8220;0&#8243; global_colors_info=&#8220;{}&#8220; disabled_on=&#8220;off|off|on&#8220; sticky_enabled=&#8220;0&#8243;][et_pb_column type=&#8220;1_2&#8243; _builder_version=&#8220;4.27.0&#8243; _module_preset=&#8220;default&#8220; global_colors_info=&#8220;{}&#8220;][et_pb_text _builder_version=&#8220;4.27.3&#8243; _module_preset=&#8220;default&#8220; text_font=&#8220;Bai Jamjuree||||||||&#8220; text_text_color=&#8220;#FFFFFF&#8220; header_2_text_color=&#8220;#FFFFFF&#8220; global_colors_info=&#8220;{}&#8220;]<\/p>\n<h2>W\u00e4hrend der Regatta<\/h2>\n<ul>\n<li><strong>\u00c4nderungen<\/strong> sind <strong>auch nach Meldeschluss<\/strong> weiterhin m\u00f6glich und damit auch Verk\u00fcrzung der Obleute (Regattavorbesprechung der Vereine)<\/li>\n<li><strong>Live-Ergebnisdarstellung<\/strong><br \/>Ergebnisse werden automatisch berechnet und online ver\u00f6ffentlicht \u2013 auf Monitoren oder per Smartphone abrufbar.<\/li>\n<li><strong>Startlisten &amp; Renninfos in Echtzeit<\/strong><br \/>Live-Aktualisierung der Startlisten, L\u00e4ufe und Bahnverteilung \u2013 auch f\u00fcr Sprecher und Helfer vor Ort.<\/li>\n<li><strong>Automatische Berechnungen f\u00fcr die Kostenverwaltung<\/strong><br \/>Egal ob Startgeb\u00fcren oder Br\u00f6tchengeld.<\/li>\n<\/ul>\n<p>[\/et_pb_text][\/et_pb_column][et_pb_column type=&#8220;1_2&#8243; _builder_version=&#8220;4.27.0&#8243; _module_preset=&#8220;default&#8220; global_colors_info=&#8220;{}&#8220;][et_pb_image src=&#8220;https:\/\/regatto.de\/wp-content\/uploads\/2025\/05\/Bildschirmfoto-2025-05-04-um-18.41.57.png&#8220; title_text=&#8220;Zeitplann-Assistent&#8220; _builder_version=&#8220;4.27.3&#8243; _module_preset=&#8220;default&#8220; global_colors_info=&#8220;{}&#8220;][\/et_pb_image][\/et_pb_column][\/et_pb_row][et_pb_row column_structure=&#8220;1_2,1_2&#8243; _builder_version=&#8220;4.27.0&#8243; _module_preset=&#8220;default&#8220; global_colors_info=&#8220;{}&#8220;][et_pb_column type=&#8220;1_2&#8243; _builder_version=&#8220;4.27.0&#8243; _module_preset=&#8220;default&#8220; global_colors_info=&#8220;{}&#8220;][et_pb_text _builder_version=&#8220;4.27.3&#8243; _module_preset=&#8220;default&#8220; text_font=&#8220;Bai Jamjuree||||||||&#8220; text_text_color=&#8220;#FFFFFF&#8220; header_2_text_color=&#8220;#FFFFFF&#8220; global_colors_info=&#8220;{}&#8220;]<\/p>\n<h2>Nach der Regatta<\/h2>\n<ul>\n<li><strong>Mannschaftswertung <\/strong>als punktbasierte Vereinswertung \u00fcber die gesamte Regatta m\u00f6glich<\/li>\n<li><strong>Verschiedene \u00dcbersichten einfach Drucken<\/strong> z.B. Programm markiert nach den Vereinen, Ergebnisse, Langstrecken-Nummern-Zuordnung<\/li>\n<li>Nach der Regatta ist vor der Regatta: einfach <strong>alle Daten ins n\u00e4chste Jahr \u00fcbernehmen<\/strong><\/li>\n<\/ul>\n<p>[\/et_pb_text][\/et_pb_column][et_pb_column type=&#8220;1_2&#8243; _builder_version=&#8220;4.27.0&#8243; _module_preset=&#8220;default&#8220; global_colors_info=&#8220;{}&#8220;][et_pb_image src=&#8220;https:\/\/regatto.de\/wp-content\/uploads\/2025\/05\/Bildschirmfoto-2025-05-04-um-18.49.55.png&#8220; title_text=&#8220;print-bereich&#8220; _builder_version=&#8220;4.27.3&#8243; _module_preset=&#8220;default&#8220; global_colors_info=&#8220;{}&#8220;][\/et_pb_image][\/et_pb_column][\/et_pb_row][\/et_pb_section][et_pb_section fb_built=&#8220;1&#8243; _builder_version=&#8220;4.27.3&#8243; _module_preset=&#8220;default&#8220; hover_enabled=&#8220;0&#8243; global_module=&#8220;283&#8243; global_colors_info=&#8220;{}&#8220; custom_padding_last_edited=&#8220;on|phone&#8220; sticky_enabled=&#8220;0&#8243; custom_padding_phone=&#8220;|0px||0px|false|false&#8220; custom_margin_last_edited=&#8220;on|phone&#8220; custom_margin_phone=&#8220;|0px||0px|false|false&#8220;][et_pb_row _builder_version=&#8220;4.27.3&#8243; _module_preset=&#8220;default&#8220; hover_enabled=&#8220;0&#8243; global_colors_info=&#8220;{}&#8220; width_last_edited=&#8220;on|phone&#8220; sticky_enabled=&#8220;0&#8243; width_tablet=&#8220;100%&#8220; custom_margin_last_edited=&#8220;on|phone&#8220; custom_margin_phone=&#8220;|0px||0px|false|false&#8220; custom_padding_last_edited=&#8220;on|phone&#8220; custom_padding_phone=&#8220;|0px||0px|false|false&#8220; width_phone=&#8220;100%&#8220;][et_pb_column type=&#8220;4_4&#8243; _builder_version=&#8220;4.27.0&#8243; _module_preset=&#8220;default&#8220; global_colors_info=&#8220;{}&#8220;][et_pb_text _builder_version=&#8220;4.27.3&#8243; _module_preset=&#8220;default&#8220; max_width=&#8220;60%&#8220; max_width_tablet=&#8220;60%&#8220; max_width_phone=&#8220;80%&#8220; max_width_last_edited=&#8220;on|desktop&#8220; module_alignment=&#8220;center&#8220; hover_enabled=&#8220;0&#8243; global_colors_info=&#8220;{}&#8220; sticky_enabled=&#8220;0&#8243;]<\/p>\n<h2 style=\"text-align: center;\">R\u00fcckfragen? Kontaktieren Sie uns!<\/h2>\n<p style=\"text-align: center;\">Sie haben Fragen zu unserem Preismodell oder m\u00f6chten herausfinden, welches Paket von Regatto am besten zu Ihnen passt? Wir stehen Ihnen gerne zur Verf\u00fcgung, um alle Details zu kl\u00e4ren und gemeinsam die beste L\u00f6sung zu finden.<\/p>\n<p style=\"text-align: center;\"><strong>Wir freuen uns auf Ihre Nachricht oder Anruf!<\/strong><\/p>\n<p>[\/et_pb_text][et_pb_button button_url=&#8220;@ET-DC@eyJkeW5hbWljIjp0cnVlLCJjb250ZW50IjoicG9zdF9saW5rX3VybF9wYWdlIiwic2V0dGluZ3MiOnsicG9zdF9pZCI6IjcyIn19@&#8220; button_text=&#8220;Jetzt Kontakt aufnehmen&#8220; button_alignment=&#8220;center&#8220; _builder_version=&#8220;4.27.0&#8243; _dynamic_attributes=&#8220;button_url&#8220; _module_preset=&#8220;default&#8220; custom_button=&#8220;on&#8220; button_text_color=&#8220;#FFFFFF&#8220; button_bg_color=&#8220;#003333&#8243; global_colors_info=&#8220;{}&#8220;][\/et_pb_button][\/et_pb_column][\/et_pb_row][\/et_pb_section]<\/p>\n","protected":false},"excerpt":{"rendered":"<p>Mehr Zeit f\u00fcrs Wasser \u2013 weniger Stress bei der Organisation. Planen. Verwalten. Durchstarten \u2013 Regatten neu gedacht Regatto ist die moderne, digitale L\u00f6sung f\u00fcr die Verwaltung und Organisation von Regatten. Unsere benutzerfreundliche Regattasoftware unterst\u00fctzt Sie bei der Planung, Teilnehmerverwaltung, Zeitnahme und Ergebnisdarstellung \u2013 alles zentral und effizient. Ob kleiner Vereinswettkampf oder gro\u00dfe Meisterschaft: Mit Regatto [&hellip;]<\/p>\n","protected":false},"author":1,"featured_media":0,"parent":0,"menu_order":0,"comment_status":"closed","ping_status":"closed","template":"","meta":{"_et_pb_use_builder":"on","_et_pb_old_content":"","_et_gb_content_width":"","footnotes":""},"class_list":["post-21","page","type-page","status-publish","hentry"],"_links":{"self":[{"href":"https:\/\/regatto.de\/index.php?rest_route=\/wp\/v2\/pages\/21","targetHints":{"allow":["GET"]}}],"collection":[{"href":"https:\/\/regatto.de\/index.php?rest_route=\/wp\/v2\/pages"}],"about":[{"href":"https:\/\/regatto.de\/index.php?rest_route=\/wp\/v2\/types\/page"}],"author":[{"embeddable":true,"href":"https:\/\/regatto.de\/index.php?rest_route=\/wp\/v2\/users\/1"}],"replies":[{"embeddable":true,"href":"https:\/\/regatto.de\/index.php?rest_route=%2Fwp%2Fv2%2Fcomments&post=21"}],"version-history":[{"count":30,"href":"https:\/\/regatto.de\/index.php?rest_route=\/wp\/v2\/pages\/21\/revisions"}],"predecessor-version":[{"id":296,"href":"https:\/\/regatto.de\/index.php?rest_route=\/wp\/v2\/pages\/21\/revisions\/296"}],"wp:attachment":[{"href":"https:\/\/regatto.de\/index.php?rest_route=%2Fwp%2Fv2%2Fmedia&parent=21"}],"curies":[{"name":"wp","href":"https:\/\/api.w.org\/{rel}","templated":true}]}}